{"id":168,"date":"2015-01-27T13:56:22","date_gmt":"2015-01-27T13:56:22","guid":{"rendered":"http:\/\/www.aeee.es\/enlaces-2\/"},"modified":"2024-09-24T13:13:59","modified_gmt":"2024-09-24T11:13:59","slug":"enlaces","status":"publish","type":"page","link":"https:\/\/www.aeee.es\/en\/enlaces\/","title":{"rendered":"Enlaces"},"content":{"rendered":"<h2 id=\"custom-title-h2-1\" class=\"ui--animation \" style=\"margin-bottom: 35px; \">Enlaces<\/h2><div  class=\"ui--tabs ui--tabs-mini ui--tabs-mini-vertical ui-row row clearfix position--left\"><div class=\"ui--tabs-header span3 clearfix\"><div class=\"ui--tabs-border-top\"><\/div><div class=\"ui--tabs-border-bottom\"><\/div><div class=\"\"><ul class=\"ui--tabs-titles clearfix unstyled\"><li class=\"\"><h5><a href=\"#tab-1-1\">Enlaces de econom\u00eda energ\u00e9tica<\/a><\/h5><\/li><li class=\"\"><h5><a href=\"#tab-1-2\">Asociaciones profesionales<\/a><\/h5><\/li><li class=\"\"><h5><a href=\"#tab-1-3\">Compa\u00f1\u00edas energ\u00e9ticas<\/a><\/h5><\/li><li class=\"\"><h5><a href=\"#tab-1-4\">Estad\u00edsticas energ\u00e9ticas<\/a><\/h5><\/li><li class=\"\"><h5><a href=\"#tab-1-5\">Otros enlaces relacionados con la energ\u00eda<\/a><\/h5><\/li><\/ul><\/div><\/div><ul class=\"ui--tabs-contents span9 text-left clearfix\"><li id=\"tab-1-1\" class=\"hidden\"> <div class=\"ui-row row\">\n <div   class=\"ui-column span6\"><h4 id=\"custom-title-h4-1\" class=\"ui--animation \" style=\"\">Grupos de Investigaci\u00f3n en Universidades:<\/h4><div class=\"ui-row row\">\n <div   class=\"ui-column span6\"><ul class=\"ui--list list-circle parent-1\"><li class=\"child-1 total-10 ui--animation\"><a href=\"http:\/\/www.rede.uvigo.es\/\"  target=\"_blank\" title=\"REDE - Research Group in Economics, Business and the Environment, Universidad de Vigo.\">REDE<\/a><\/li><li class=\"child-2 total-10 ui--animation\"><a href=\"http:\/\/www.iit.upcomillas.es\/\" class=\"info\" target=\"_blank\" title=\"IIT-ICAI - Instituto de Investigaci\u00f3n Tecnol\u00f3gica perteneciente a la Escuela T\u00e9cnica Superior de Ingenier\u00eda de la Universidad Pontificia Comillas de Madrid (UPCO).\">IIT-ICAI<\/a><\/li><li class=\"child-3 total-10 ui--animation\"><a href=\"http:\/\/www.belfercenter.org\/\" target=\"_blank\" title=\"BELFER CENTER - For Science and International Affairs, J.F. Kennedy School of Government, Harvard University.\">BELFER CENTER<\/a><\/li><li class=\"child-4 total-10 ui--animation\"><a href=\"http:\/\/erg.berkeley.edu\/\" target=\"_blank\" title=\"ERG - Energy and Resources Group, University of California Berkeley.\">ERG<\/a><\/li><li class=\"child-5 total-10 ui--animation\"><a href=\"http:\/\/www.stanford.edu\/group\/EMF\/\" title=\"EMF - Energy Modeling Forum, Stanford University.\" target=\"_blank\">EMF<\/a><\/li><li class=\"child-6 total-10 ui--animation\"><a href=\"http:\/\/piee.stanford.edu\/\" title=\"PIEE - The Precourt Institute for Energy Efficiency, Stanford University.\" target=\"_blank\">PIEE<\/a><\/li><li class=\"child-7 total-10 ui--animation\"><a href=\"http:\/\/www.e3mlab.ntua.gr\/DEFAULT.HTM\" title=\"E3M-Lab - Technical University of Athens.\" target=\"_blank\">E3M-Lab<\/a><\/li><li class=\"child-8 total-10 ui--animation\"><a href=\"http:\/\/www.tbm.tudelft.nl\/live\/pagina.jsp?id=c2c6477b-456d-4ff0-9991-999f7562cd78&lang=en\" title=\"Delft University of Technology  - Faculty of Technology Policy and Management, Energy & Industry Section.\" target=\"_blank\"> Delft University of Technology<\/a><\/li><li class=\"child-9 total-10 ui--animation\"><a href=\"http:\/\/www.miljo.lth.se\/engelska\/eng_index.asp\" title=\"Environmental & Energy System St. - Lund University, Sweden.\" target=\"_blank\">Environmental & Energy System St.<\/a><\/li><li class=\"child-10 total-10 ui--animation\"><a href=\"http:\/\/www.ieb.ub.edu\/es\/20121121273\/ieb\/catedra-de-sostenibilidad-energetica-y-ambiental-funseam#.WHOtvNLhDIV\" title=\" C\u00e1tedra de Sostenibilidad Energ\u00e9tica de la Universidad de Barcelona\" target=\"_blank\"> C\u00e1tedra de Sostenibilidad Energ\u00e9tica de la Universidad de Barcelona <\/a><\/li>  <\/ul><\/div> \n\n <div   class=\"ui-column span6\"><ul class=\"ui--list list-circle parent-2\"><li class=\"child-1 total-11 ui--animation\"><a href=\"http:\/\/www.ewi.uni-koeln.de\/\" title=\"EWI - Institute of Energy Economics, University of Cologne.\"  target=\"_blank\">EWI<\/a><\/li><li class=\"child-2 total-11 ui--animation\"><a href=\"http:\/\/www.oxfordenergy.org\/\" title=\"OIES - Oxford Institute for Energy Studies, University of Oxford.\" target=\"_blank\">OIES<\/a><\/li><li class=\"child-3 total-11 ui--animation\"><a href=\"http:\/\/www.seec.surrey.ac.uk\/index.htm\" title=\"SEEC - Surrey Energy Economics Centre, Department of Economics, University of Surrey, UK.\" target=\"_blank\">SEEC<\/a><\/li><li class=\"child-4 total-11 ui--animation\"><a href=\"https:\/\/mitei.mit.edu\/research\/laboratory-energy-environment-program\" title=\"LFEE - Laboratory for Energy and Environment, Massachusetts Institute of Technology - MIT\" target=\"_blank\">LFEE<\/a><\/li><li class=\"child-5 total-11 ui--animation\"><a href=\"http:\/\/web.mit.edu\/mitei\/\" title=\"THE MIT - Energy Research Council\" target=\"_blank\">THE MIT<\/a><\/li><li class=\"child-6 total-11 ui--animation\"><a href=\"http:\/\/web.mit.edu\/globalchange\/www\/\" title=\"JPSPGC - Joint Program on the Science and Policy of Global Change, MIT\" target=\"_blank\">JPSPGC<\/a><\/li><li class=\"child-7 total-11 ui--animation\"><a href=\"http:\/\/www.cepe.ethz.ch\/\" title=\"CEPE - Centre for Energy Policy and Economics, ETHZ\" target=\"_blank\">CEPE<\/a><\/li><li class=\"child-8 total-11 ui--animation\"><a href=\"http:\/\/www.eeg.tuwien.ac.at\/\" title=\"TUWien - Vienna University of Technology. Energy Economics Group\" target=\"_blank\">TUWien<\/a><\/li><li class=\"child-9 total-11 ui--animation\"><a href=\"http:\/\/www.ier.uni-stuttgart.de\/index.en.html\" title=\"IER - Institute of Energy Economics and the Rational Use of Energy University of Stuttgart\" target=\"_blank\">IER<\/a><\/li><li class=\"child-10 total-11 ui--animation\"><a href=\"http:\/\/pesd.stanford.edu\/\" title=\"PESD - Program on Energy and Sustainable Development, Stanford University\" target=\"_blank\">PESD<\/a><\/li><li class=\"child-11 total-11 ui--animation\"><a href=\"https:\/\/catedra.us.es\/eemedioambiente\/\" title=\"C\u00e1tedra de Econom\u00eda de la Energ\u00eda y del Medio Ambiente (Universidad de Sevilla)\" target=\"_blank\">C\u00e1tedra de Econom\u00eda de la Energ\u00eda y del Medio Ambiente (Universidad de Sevilla)<\/a><\/li>  <\/ul><\/div> \n\n<\/div><\/div> \n\n <div   class=\"ui-column span6\"><h4 id=\"custom-title-h4-2\" class=\"ui--animation \" style=\"\">Centros de Investigaci\u00f3n Independientes:<\/h4><div class=\"ui-row row\">\n <div   class=\"ui-column span6\"><ul class=\"ui--list list-circle parent-3\"><li class=\"child-1 total-10 ui--animation\"><a href=\"http:\/\/www.risoe.dk\/\" title=\"RISOE - National Laboratory. Technical University of Denmark\" target=\"_blank\">RISOE<\/a><\/li><li class=\"child-2 total-10 ui--animation\"><a href=\"http:\/\/www.rff.org\/\" title=\"RFF - Resources for the Future\" target=\"_blank\">RFF<\/a><\/li><li class=\"child-3 total-10 ui--animation\"><a href=\"http:\/\/www.ecn.nl\/en\/\" title=\"ECN - Energy Research Centre of The Netherlands\" target=\"_blank\">ECN<\/a><\/li><li class=\"child-4 total-10 ui--animation\"><a href=\"http:\/\/www.fz-juelich.de\/portal\/home\" title=\"Research Centre J\u00fclich - Institute of Energy Research (IEF)\" target=\"_blank\">Research Centre J\u00fclich<\/a><\/li><li class=\"child-5 total-10 ui--animation\"><a href=\"http:\/\/www.enea.it\/en\/home?set_language=en&cl=en\" title=\"ENEA - Italian National Agency for New Technologies, Energy and the Environment\" target=\"_blank\">ENEA<\/a><\/li><li class=\"child-6 total-10 ui--animation\"><a href=\"http:\/\/www.ciemat.es\/\" title=\"CIEMAT - Centro de Investigaciones Energ\u00e9ticas, Medioambientales y Tecnol\u00f3gicas dependiente del Ministerio de Educaci\u00f3n y Ciencia\" target=\"_blank\">CIEMAT<\/a><\/li><li class=\"child-7 total-10 ui--animation\"><a href=\"http:\/\/www.ise.fhg.de\/\" title=\"Fraunhofer - Institute for Solar Energy Systems ISE\" target=\"_blank\">Fraunhofer<\/a><\/li><li class=\"child-8 total-10 ui--animation\"><a href=\"http:\/\/www.sei.se\/\" title=\"SEI - Stockholm Environment Institute\" target=\"_blank\">SEI<\/a><\/li><li class=\"child-9 total-10 ui--animation\"><a href=\"http:\/\/www.geo.uu.nl\/20419main.html\" title=\"Copernicus Institute - Copernicus Institute\" target=\"_blank\">Copernicus Institute<\/a><\/li><li class=\"child-10 total-10 ui--animation\"><a href=\"http:\/\/www.iiasa.ac.at\/\" title=\"IIASA - International Institute for Applied Systems Analysis\" target=\"_blank\">IIASA<\/a><\/li>  <\/ul><\/div> \n\n <div   class=\"ui-column span6\"><ul class=\"ui--list list-circle parent-4\"><li class=\"child-1 total-7 ui--animation\"><a href=\"http:\/\/lea.web.psi.ch\/\" title=\"LEA - Laboratory for Energy Systems Analysis, Paul Scherrer Institut\" target=\"_blank\">LEA<\/a><\/li><li class=\"child-2 total-7 ui--animation\"><a href=\"http:\/\/www.jrc.es\/\" title=\"IPTS - The Institute for Prospective Technological Studies, European Commission's Joint Research Centre \u2013JRC\" target=\"_blank\">IPTS<\/a><\/li><li class=\"child-3 total-7 ui--animation\"><a href=\"http:\/\/www.iea.org\/\" title=\"IEA - International Energy Agency\" target=\"_blank\">IEA<\/a><\/li><li class=\"child-4 total-7 ui--animation\"><a href=\"http:\/\/www.cera.com\/\" title=\"CERA - Cambridge Energy Research Associates\" target=\"_blank\">CERA<\/a><\/li><li class=\"child-5 total-7 ui--animation\"><a href=\"http:\/\/www.eeinstitute.org\/\" title=\"EEI - European Energy Institute\" target=\"_blank\">EEI<\/a><\/li><li class=\"child-6 total-7 ui--animation\"><a href=\"http:\/\/www3.imperial.ac.uk\/icept\" title=\"ICEPT - Centre for Energy, Policy and Technology\" target=\"_blank\">ICEPT<\/a><\/li><li class=\"child-7 total-7 ui--animation\"><a href=\"http:\/\/www.energia.imdea.org\/\" title=\"IMDEA Energ\u00eda\" target=\"_blank\">IMDEA Energ\u00eda<\/a><\/li>  <\/ul><\/div> \n\n<\/div><\/div> \n\n<\/div> \n<div class=\"ui-row row\">\n <div   class=\"ui-column span6\"><h4 id=\"custom-title-h4-3\" class=\"ui--animation \" style=\"\">Otras empresas y asociaciones<\/h4><div class=\"ui-row row\">\n <div   class=\"ui-column span6\"><ul class=\"ui--list list-circle parent-5\"><li class=\"child-1 total-9 ui--animation\"><a href=\"http:\/\/www.enervia.com\/\" title=\"INTERMONEY ENERG\u00cdA\" target=\"_blank\"> INTERMONEY ENERG\u00cdA<\/a><\/li><li class=\"child-2 total-9 ui--animation\"><a href=\"http:\/\/www.nera.com\/274_office14.htm\" title=\"NERA ECONOMIC CONSULTING\" target=\"_blank\">NERA \r\n\r\nECONOMIC CONSULTING<\/a><\/li><li class=\"child-3 total-9 ui--animation\"><a href=\"http:\/\/www.omel.es\/\" title=\"OMEL - Compa\u00f1\u00eda operadora del mercado espa\u00f1ol de electricidad\" \r\n\r\ntarget=\"_blank\">OMEL<\/a><\/li><li class=\"child-4 total-9 ui--animation\"><a href=\"http:\/\/www.aop.es\/\" title=\"AOP - Asociaci\u00f3n Espa\u00f1ola de Operadores de Productos Petrol\u00edferos\" \r\n\r\ntarget=\"_blank\">AOP<\/a><\/li><li class=\"child-5 total-9 ui--animation\"><a href=\"http:\/\/www.aciep.com\/\" title=\"Asociaci\u00f3n Espa\u00f1ola de Compa\u00f1\u00edas de Investigaci\u00f3n, Exploraci\u00f3n, Producci\u00f3n de \r\n\r\nHidrocarburos y Almacenamiento Subterraneo (ACIEP)\" target=\"_blank\">ACIEP<\/a><\/li><li class=\"child-6 total-9 ui--animation\"><a href=\"\" title=\"AOGLP - Asociaci\u00f3n Espa\u00f1ola de Operadores de Gases Licuados del Petr\u00f3leo\" \r\n\r\ntarget=\"_blank\">AOGLP<\/a><\/li><li class=\"child-7 total-9 ui--animation\"><a href=\"http:\/\/www.unesa.es\/\" title=\"UNESA - Asociaci\u00f3n Espa\u00f1ola de la Industria El\u00e9ctrica\" target=\"_blank\">UNESA<\/a><\/li><li class=\"child-8 total-9 ui--animation\"><a href=\"http:\/\/www.aseme.org\/\" title=\"ASEME - Asociaci\u00f3n de empresas el\u00e9ctricas\" target=\"_blank\">ASEME<\/a><\/li><li class=\"child-9 total-9 ui--animation\"><a href=\"http:\/\/www.appa.es\/\" title=\"APPA - Asociaci\u00f3n de Productores de Energ\u00edas Renovables\" \r\n\r\ntarget=\"_blank\">APPA<\/a><\/li>  <\/ul><\/div> \n\n <div   class=\"ui-column span6\"><ul class=\"ui--list list-circle parent-6\"><li class=\"child-1 total-9 ui--animation\"><a href=\"http:\/\/www.asensa.org\/\" title=\"ASENSA - Asociaci\u00f3n Espa\u00f1ola Empresas Energ\u00eda Solar y Alternativas\" \r\n\r\ntarget=\"_blank\">ASENSA<\/a><\/li><li class=\"child-2 total-9 ui--animation\"><a href=\"http:\/\/www.eufores.org\/\" title=\"EUFORES - Foro Europeo de las Energ\u00edas Renovables\" \r\n\r\ntarget=\"_blank\">EUFORES<\/a><\/li><li class=\"child-3 total-9 ui--animation\"><a href=\"http:\/\/www.asit-solar.com\/\" title=\"ASIT - Asociaci\u00f3n solar de la industria t\u00e9rmica\" target=\"_blank\">ASIT<\/a><\/li><li class=\"child-4 total-9 ui--animation\"><a href=\"http:\/\/www.asif.org\/\" title=\"ASIF - Asociaci\u00f3n de la Industria Fotovoltaica\" target=\"_blank\">ASIF<\/a><\/li><li class=\"child-5 total-9 ui--animation\"><a href=\"http:\/\/www.aeeolica.org\/\" title=\"AEE - Asociaci\u00f3n Empresarial E\u00f3lica\" target=\"_blank\">AEE<\/a><\/li><li class=\"child-6 total-9 ui--animation\"><a href=\"http:\/\/www.energiasinfronteras.org\/\" title=\"Energ\u00edas sin fronteras\" target=\"_blank\">Energ\u00edas sin fronteras<\/a><\/li><li class=\"child-7 total-9 ui--animation\"><a href=\"http:\/\/www.sedigas.es\/\" title=\"SEDIGAS - Asociaci\u00f3n espa\u00f1ola del gas\" target=\"_blank\">SEDIGAS<\/a><\/li><li class=\"child-8 total-9 ui--animation\"><a href=\"http:\/\/www.aeglp.es\/\" title=\"GLP - Asociaci\u00f3n espa\u00f1ola de empresas distribuidoras de gases licuados del \r\n\r\npetr\u00f3leo\" target=\"_blank\">GLP<\/a><\/li><li class=\"child-9 total-9 ui--animation\"><a href=\"http:\/\/www.ainenergia.com\" title=\"AINEnergia\" target=\"_blank\">AINEnergia<\/a><\/li>  <\/ul><\/div> \n\n<\/div><\/div> \n\n <div   class=\"ui-column span6\"><h4 id=\"custom-title-h4-4\" class=\"ui--animation \" style=\"\">Instituciones y otros centros de investigaci\u00f3n<\/h4><ul class=\"ui--list list-circle parent-7\"><li class=\"child-1 total-9 ui--animation\"><a href=\"http:\/\/www.minetur.gob.es\/\" title=\"Ministerio de Industria, Energ\u00eda y Turismo\" target=\"_blank\">MINETUR<\/a><\/li><li class=\"child-2 total-9 ui--animation\"><a href=\"http:\/\/www.eve.es\/\" title=\"EVE - Ente vasco de la energ\u00eda\" target=\"_blank\">EVE<\/a><\/li><li class=\"child-3 total-9 ui--animation\"><a href=\"http:\/\/www.idae.es\/\" title=\"IDAE \" target=\"_blank\">IDAE<\/a><\/li><li class=\"child-4 total-9 ui--animation\"><a href=\"http:\/\/www.jcyl.es\/\" title=\"Ente regional de la energ\u00eda de Castilla y Le\u00f3n\" target=\"_blank\">EREN<\/a><\/li><li class=\"child-5 total-9 ui--animation\"><a href=\"http:\/\/www.icaen.net\/\" title=\"ICAEN - Institut Catal\u00e0 d'Energia\" target=\"_blank\">ICAEN<\/a><\/li><li class=\"child-6 total-9 ui--animation\"><a href=\"http:\/\/www.inega.es\/\" title=\"INEGA - Instituto Enerx\u00e9tico de Galicia\" target=\"_blank\">INEGA<\/a><\/li><li class=\"child-7 total-9 ui--animation\"><a href=\"http:\/\/www.enr-network.org\/\" title=\"Red de agencias energ\u00e9ticas en Europa\" target=\"_blank\">Red de agencias energ\u00e9ticas en Europa<\/a><\/li><li class=\"child-8 total-9 ui--animation\"><a href=\"http:\/\/www.ceer.eu\/portal\/page\/portal\/EER_HOME\" title=\"Council of European Energy Regulators\" target=\"_blank\">CEER<\/a><\/li><li class=\"child-9 total-9 ui--animation\"><a href=\"http:\/\/www.acer.europa.eu\/Pages\/ACER.aspx\" title=\"Agency for the Cooperation \r\nof the Energy Regulators\" target=\"_blank\">ACER<\/a><\/li>  <\/ul><\/div> \n\n<\/div> \n <\/li><li id=\"tab-1-2\" class=\"hidden\"> <div class=\"ui-row row\">\n <div   class=\"ui-column span6\"><h4 id=\"custom-title-h4-5\" class=\"ui--animation \" style=\"\">Asociaciones Profesionales<\/h4><ul class=\"ui--list list-circle parent-8\"><li class=\"child-1 total-2 ui--animation\"><a href=\"http:\/\/www.enerclub.es\" title=\"ENERCLUB\" target=\"_blank\">ENERCLUB<\/a><\/li><li class=\"child-2 total-2 ui--animation\"><a href=\"http:\/\/www.iaee.org\/en\/index.aspx\" title=\"IAEE\" target=\"_blank\">IAEE<\/a><\/li>  <\/ul><\/div> \n\n <div   class=\"ui-column span6\"><\/div> \n\n<\/div> \n <\/li><li id=\"tab-1-3\" class=\"hidden\"> <div class=\"ui-row row\">\n <div   class=\"ui-column span6\"><h4 id=\"custom-title-h4-6\" class=\"ui--animation \" style=\"\">Campa\u00f1as Energ\u00e9ticas<\/h4><ul class=\"ui--list list-circle parent-9\"><li class=\"child-1 total-16 ui--animation\"><a href=\"http:\/\/www.endesa.es\/\" title=\"ENDESA\" target=\"_blank\">ENDESA<\/a><\/li><li class=\"child-2 total-16 ui--animation\"><a href=\"http:\/\/www.repsol.com\/\" title=\"REPSOL\" target=\"_blank\">REPSOL<\/a><\/li><li class=\"child-3 total-16 ui--animation\"><a href=\"http:\/\/www.iberdrola.es\/\" title=\"IBERDROLA\" target=\"_blank\">IBERDROLA<\/a><\/li><li class=\"child-4 total-16 ui--animation\"><a href=\"http:\/\/www.hcenergia.com\" title=\"HC ENERG\u00cdA\" target=\"_blank\">HC ENERG\u00cdA<\/a><\/li><li class=\"child-5 total-16 ui--animation\"><a href=\"http:\/\/www.enagas.es\/\" title=\"ENAG\u00c1S\" target=\"_blank\">ENAG\u00c1S<\/a><\/li><li class=\"child-6 total-16 ui--animation\"><a href=\"http:\/\/www.bp.com\" title=\"BP\" target=\"_blank\">BP<\/a><\/li><li class=\"child-7 total-16 ui--animation\"><a href=\"http:\/\/www.cepsa.com\/\" title=\"CEPSA\" target=\"_blank\">CEPSA<\/a><\/li><li class=\"child-8 total-16 ui--animation\"><a href=\"http:\/\/www.gamesa.es\/\" title=\"GAMESA\" target=\"_blank\">GAMESA<\/a><\/li><li class=\"child-9 total-16 ui--animation\"><a href=\"http:\/\/www.acciona.es\/\" title=\"ACCIONA\" target=\"_blank\">ACCIONA<\/a><\/li><li class=\"child-10 total-16 ui--animation\"><a href=\"http:\/\/www.eon-espana.com\" title=\"E.ON ESPA\u00d1A\" target=\"_blank\">E.ON ESPA\u00d1A<\/a><\/li><li class=\"child-11 total-16 ui--animation\"><a href=\"http:\/\/www.factorenergia.com\/\" title=\"FACTOR ENERG\u00cdA\" target=\"_blank\">FACTOR ENERG\u00cdA<\/a><\/li><li class=\"child-12 total-16 ui--animation\"><a href=\"http:\/\/portal.gasnatural.com\" title=\"GAS NATURAL FENOSA\" target=\"_blank\">GAS NATURAL FENOSA<\/a><\/li><li class=\"child-13 total-16 ui--animation\"><a href=\"http:\/\/www.clh.es\" title=\"CLH\" target=\"_blank\">CLH<\/a><\/li><li class=\"child-14 total-16 ui--animation\"><a href=\"http:\/\/www.nexusenergia.com\" title=\"NEXUS ENERG\u00cdA\" target=\"_blank\">NEXUS ENERG\u00cdA<\/a><\/li><li class=\"child-15 total-16 ui--animation\"><a href=\"http:\/\/www.ree.es\/\" title=\"RED EL\u00c9CTRICA DE ESPA\u00d1A\" target=\"_blank\">RED EL\u00c9CTRICA DE ESPA\u00d1A<\/a><\/li><li class=\"child-16 total-16 ui--animation\"><a href=\"http:\/\/www.es.total.com\" title=\" TOTAL ESPA\u00d1A\" target=\"_blank\"> TOTAL ESPA\u00d1A<\/a><\/li>  <\/ul><\/div> \n\n <div   class=\"ui-column span6\"><\/div> \n\n<\/div> \n <\/li><li id=\"tab-1-4\" class=\"hidden\"> <div class=\"ui-row row\">\n <div   class=\"ui-column span6\"><h4 id=\"custom-title-h4-7\" class=\"ui--animation \" style=\"\">Estad\u00edsticas energ\u00e9ticas<\/h4><ul class=\"ui--list list-circle parent-10\"><li class=\"child-1 total-8 ui--animation\"><a href=\"http:\/\/epp.eurostat.ec.europa.eu\/\" title=\"EUROSTAT\" target=\"_blank\">EUROSTAT<\/a><\/li><li class=\"child-2 total-8 ui--animation\"><a href=\"http:\/\/www.iea.org\/\" title=\" IEA\" target=\"_blank\">IEA<\/a><\/li><li class=\"child-3 total-8 ui--animation\"><a href=\"http:\/\/www.opec.org\/\" title=\"OPEC\" target=\"_blank\">OPEC<\/a><\/li><li class=\"child-4 total-8 ui--animation\"><a href=\"http:\/\/www.worldbank.org\/\" title=\"WORLD BANK\" target=\"_blank\">WORLD BANK<\/a><\/li><li class=\"child-5 total-8 ui--animation\"><a href=\"http:\/\/www.oecd.org\/\" title=\"OECD\" target=\"_blank\">OECD<\/a><\/li><li class=\"child-6 total-8 ui--animation\"><a href=\"http:\/\/www.ine.es\/\" title=\"INE\" target=\"_blank\">INE<\/a><\/li><li class=\"child-7 total-8 ui--animation\"><a href=\"http:\/\/www.cores.es\/\" title=\"Corporaci\u00f3n de Reservas Estrat\u00e9gicas de Productos Petrol\u00edferos\" target=\"_blank\">CORES<\/a><\/li><li class=\"child-8 total-8 ui--animation\"><a href=\"http:\/\/www.ree.es\/\" title=\"Red El\u00e9ctrica de Espa\u00f1a\" target=\"_blank\">REE<\/a><\/li>  <\/ul><\/div> \n\n <div   class=\"ui-column span6\"><\/div> \n\n<\/div> \n <\/li><li id=\"tab-1-5\" class=\"hidden\"> <div class=\"ui-row row\">\n <div   class=\"ui-column span6\"><h4 id=\"custom-title-h4-8\" class=\"ui--animation \" style=\"\">Otros enlaces relacionados con la energ\u00eda<\/h4><ul class=\"ui--list list-circle parent-11\"><li class=\"child-1 total-3 ui--animation\"><a href=\"http:\/\/www.ceroco2.org\/\" title=\"CEROCO2\" target=\"_blank\">CEROCO2<\/a><\/li><li class=\"child-2 total-3 ui--animation\"><a href=\"http:\/\/www.pointcarbon.com\/\" title=\"POINT CARBON \" target=\"_blank\">POINT CARBON<\/a><\/li><li class=\"child-3 total-3 ui--animation\"><a href=\"http:\/\/www.co2spain.com\/\" title=\"CO2SPAIN\" target=\"_blank\">CO2SPAIN<\/a><\/li>  <\/ul><\/div> \n\n <div   class=\"ui-column span6\"><\/div> \n\n<\/div> \n <\/li><\/ul><\/div><div  class=\"ui--tagline-box-wrapper ui--animation clearfix\" style=\"margin-top: 18px;\"><div  id=\"tagline-1\" class=\"ui--tagline-box ui-row clearfix ui--tagline-box-custom-color radius-3px\" data-responsive=\"{&quot;css&quot;:{&quot;min-height&quot;:{&quot;phone&quot;:&quot;auto&quot;,&quot;tablet&quot;:&quot;auto&quot;,&quot;widescreen&quot;:&quot;&quot;}}}\"><div  class=\"ui--tagline-background-container ui--tagline-background-overlay radius-3px\"><\/div><div  class=\"ui--tagline-background-container ui--tagline-background-image radius-3px\"><\/div><div  class=\"ui--tagline-content\"><div class=\"ui-row row\">\n <div   class=\"ui-column span9\"><h3 id=\"custom-title-h3-1\" class=\"ui--animation \" style=\"margin-bottom: 0px; \">\u00bfQuiere a\u00f1adir un <strong>enlace a su organizaci\u00f3n<\/strong> aqu\u00ed?<\/h3><div class=\"auto-format ui--animation\"><p><span style=\"color:#333;\">Puedes enviarnos un correo con el nombre y enlace a tu organizaci\u00f3n desde aqu\u00ed<\/span><\/p>\n<\/div><\/div> \n\n <div   class=\"ui-column span3\"><div class=\"text-center ui--animation\"><a class=\"btn btn-large btn-block btn-icon-left btn-yellow\" href=\"mailto:aeee@aeee.es\" style=\"\"><strong>Env\u00edar enlace<\/strong><\/a> <\/div><\/div> \n\n<\/div> \n<\/div><\/div><div class=\"ui--shadow ui--shadow-type-3  clearfix\"><img decoding=\"async\" src=\"https:\/\/www.aeee.es\/wp-content\/themes\/envision\/includes\/modules\/module.shadow\/shadows\/shadow-3.png\" alt=\"shadow\" \/><\/div><\/div>","protected":false},"excerpt":{"rendered":"<p>EnlacesEnlaces de econom\u00eda energ\u00e9ticaAsociaciones profesionalesCompa\u00f1\u00edas energ\u00e9ticasEstad\u00edsticas energ\u00e9ticasOtros enlaces relacionados con la energ\u00eda Grupos de Investigaci\u00f3n en Universidades: REDEIIT-ICAIBELFER CENTERERGEMFPIEEE3M-Lab Delft University of TechnologyEnvironmental &#038; Energy System St. C\u00e1tedra de Sostenibilidad Energ\u00e9tica de la Universidad de Barcelona EWIOIESSEECLFEETHE MITJPSPGCCEPETUWienIERPESDC\u00e1tedra de Econom\u00eda de la Energ\u00eda y del Medio Ambiente (Universidad de Sevilla) Centros de Investigaci\u00f3n Independientes: RISOERFFECNResearch [&hellip;]<\/p>\n","protected":false},"author":3,"featured_media":0,"parent":0,"menu_order":0,"comment_status":"open","ping_status":"closed","template":"","meta":{"footnotes":""},"class_list":["post-168","page","type-page","status-publish","hentry"],"_links":{"self":[{"href":"https:\/\/www.aeee.es\/en\/wp-json\/wp\/v2\/pages\/168"}],"collection":[{"href":"https:\/\/www.aeee.es\/en\/wp-json\/wp\/v2\/pages"}],"about":[{"href":"https:\/\/www.aeee.es\/en\/wp-json\/wp\/v2\/types\/page"}],"author":[{"embeddable":true,"href":"https:\/\/www.aeee.es\/en\/wp-json\/wp\/v2\/users\/3"}],"replies":[{"embeddable":true,"href":"https:\/\/www.aeee.es\/en\/wp-json\/wp\/v2\/comments?post=168"}],"version-history":[{"count":5,"href":"https:\/\/www.aeee.es\/en\/wp-json\/wp\/v2\/pages\/168\/revisions"}],"predecessor-version":[{"id":1159,"href":"https:\/\/www.aeee.es\/en\/wp-json\/wp\/v2\/pages\/168\/revisions\/1159"}],"wp:attachment":[{"href":"https:\/\/www.aeee.es\/en\/wp-json\/wp\/v2\/media?parent=168"}],"curies":[{"name":"wp","href":"https:\/\/api.w.org\/{rel}","templated":true}]}}