{"id":497,"date":"2015-04-07T10:59:06","date_gmt":"2015-04-07T10:59:06","guid":{"rendered":"http:\/\/www.aeee.es\/en\/comunes\/"},"modified":"2016-07-15T22:13:39","modified_gmt":"2016-07-15T20:13:39","slug":"comunes","status":"publish","type":"page","link":"https:\/\/www.aeee.es\/en\/comunes\/","title":{"rendered":"Comunes"},"content":{"rendered":"<div class=\"ui--client-list-wrapper ui--animation ui-row clearfix\"><div class=\"ui--client-list ui--box ui-row clearfix\" data-options=\"{&quot;effect&quot;:&quot;slide&quot;,&quot;auto_rotate&quot;:&quot;0&quot;,&quot;animation_loop&quot;:&quot;0&quot;,&quot;rotate_time&quot;:0,&quot;arrows&quot;:false,&quot;disable_on_mobile&quot;:false}\"><div class=\"ui-row row\">\n <div   class=\"ui-column span6\"><div class=\"ui--client ui--carousel-item\"><a href=\"http:\/\/www.cores.es\/\" target=\"_blank\"><img decoding=\"async\" src=\"http:\/\/www.aeee.es\/wp-content\/uploads\/2015\/04\/logo-cores-caja.gif\" alt=\"\" title=\"Corporaci\u00f3n de Reservas  Estrat\u00e9gicas  de Productos Petrol\u00edferos\" class=\"ui--animation\"><\/a><\/div><div class=\"vertical-divider\"><\/div><\/div> \n\n <div   class=\"ui-column span6\"><div class=\"ui--client ui--carousel-item\"><a href=\"http:\/\/www.ree.es\/\" target=\"_blank\"><img decoding=\"async\" src=\"http:\/\/www.aeee.es\/wp-content\/uploads\/2015\/04\/logo-ree-caja.gif\" alt=\"\" title=\"Red El\u00e9ctrica de Espa\u00f1a\" class=\"ui--animation\"><\/a><\/div><div class=\"vertical-divider\"><\/div><\/div> \n\n<\/div> \n<\/div><\/div>","protected":false},"excerpt":{"rendered":"","protected":false},"author":3,"featured_media":0,"parent":0,"menu_order":0,"comment_status":"open","ping_status":"open","template":"","meta":{"footnotes":""},"class_list":["post-497","page","type-page","status-publish","hentry"],"_links":{"self":[{"href":"https:\/\/www.aeee.es\/en\/wp-json\/wp\/v2\/pages\/497"}],"collection":[{"href":"https:\/\/www.aeee.es\/en\/wp-json\/wp\/v2\/pages"}],"about":[{"href":"https:\/\/www.aeee.es\/en\/wp-json\/wp\/v2\/types\/page"}],"author":[{"embeddable":true,"href":"https:\/\/www.aeee.es\/en\/wp-json\/wp\/v2\/users\/3"}],"replies":[{"embeddable":true,"href":"https:\/\/www.aeee.es\/en\/wp-json\/wp\/v2\/comments?post=497"}],"version-history":[{"count":1,"href":"https:\/\/www.aeee.es\/en\/wp-json\/wp\/v2\/pages\/497\/revisions"}],"predecessor-version":[{"id":500,"href":"https:\/\/www.aeee.es\/en\/wp-json\/wp\/v2\/pages\/497\/revisions\/500"}],"wp:attachment":[{"href":"https:\/\/www.aeee.es\/en\/wp-json\/wp\/v2\/media?parent=497"}],"curies":[{"name":"wp","href":"https:\/\/api.w.org\/{rel}","templated":true}]}}