{"id":499,"date":"2015-04-07T11:35:14","date_gmt":"2015-04-07T11:35:14","guid":{"rendered":"http:\/\/www.aeee.es\/en\/comunes-no-shortcode\/"},"modified":"2015-04-07T11:35:14","modified_gmt":"2015-04-07T11:35:14","slug":"comunes-no-shortcode","status":"publish","type":"page","link":"https:\/\/www.aeee.es\/en\/comunes-no-shortcode\/","title":{"rendered":"Comunes No Shortcode"},"content":{"rendered":"<div class=\"ui--client-list-wrapper ui--animation ui-row clearfix\">\n<div class=\"ui--client-list ui--box ui-row clearfix\" data-options=\"{&quot;effect&quot;:&quot;slide&quot;,&quot;auto_rotate&quot;:&quot;0&quot;,&quot;animation_loop&quot;:&quot;0&quot;,&quot;rotate_time&quot;:0}\">\n<div class=\"ui-row row\">\n<div class=\"ui-column span4\">\n<div class=\"ui--client ui--carousel-item\"><a href=\"http:\/\/www.cores.es\/\" target=\"_blank\"><img decoding=\"async\" class=\"ui--animation\" title=\"Corporaci\u00f3n de Reservas Estrat\u00e9gicas de Productos Petrol\u00edferos\" src=\"http:\/\/www.aeee.es\/wp-content\/uploads\/2015\/04\/logo-cores-caja.gif\" alt=\"\" \/><\/a><\/div>\n<div class=\"vertical-divider\">\u00a0\u00a0<a href=\"http:\/\/www.ree.es\/\" target=\"_blank\"><img decoding=\"async\" class=\"ui--animation\" title=\"Red El\u00e9ctrica de Espa\u00f1a\" src=\"http:\/\/www.aeee.es\/wp-content\/uploads\/2015\/04\/logo-ree-caja.gif\" alt=\"\" \/><\/a><\/div>\n<\/div>\n<div class=\"ui-column span4\">\n<div class=\"vertical-divider\"><\/div>\n<\/div>\n<\/div>\n<\/div>\n<\/div>\n","protected":false},"excerpt":{"rendered":"<p>\u00a0\u00a0<\/p>\n","protected":false},"author":3,"featured_media":0,"parent":0,"menu_order":0,"comment_status":"open","ping_status":"open","template":"","meta":{"footnotes":""},"class_list":["post-499","page","type-page","status-publish","hentry"],"_links":{"self":[{"href":"https:\/\/www.aeee.es\/en\/wp-json\/wp\/v2\/pages\/499"}],"collection":[{"href":"https:\/\/www.aeee.es\/en\/wp-json\/wp\/v2\/pages"}],"about":[{"href":"https:\/\/www.aeee.es\/en\/wp-json\/wp\/v2\/types\/page"}],"author":[{"embeddable":true,"href":"https:\/\/www.aeee.es\/en\/wp-json\/wp\/v2\/users\/3"}],"replies":[{"embeddable":true,"href":"https:\/\/www.aeee.es\/en\/wp-json\/wp\/v2\/comments?post=499"}],"version-history":[{"count":0,"href":"https:\/\/www.aeee.es\/en\/wp-json\/wp\/v2\/pages\/499\/revisions"}],"wp:attachment":[{"href":"https:\/\/www.aeee.es\/en\/wp-json\/wp\/v2\/media?parent=499"}],"curies":[{"name":"wp","href":"https:\/\/api.w.org\/{rel}","templated":true}]}}